{"id":103735,"date":"2021-03-09T11:17:48","date_gmt":"2021-03-09T11:17:48","guid":{"rendered":"https:\/\/ifoffice.pt\/?post_type=product&#038;p=103735"},"modified":"2025-03-12T12:09:17","modified_gmt":"2025-03-12T12:09:17","slug":"desinfetante-alcol-25","status":"publish","type":"product","link":"https:\/\/ifoffice.pt\/?product=desinfetante-alcol-25","title":{"rendered":"Desinfetante Alcol-25 5L"},"content":{"rendered":"<p>Desinfe\u00e7\u00e3o de contacto pronta a usar em superf\u00edcies. Desinfetante l\u00edquido de base alco\u00f3lica com aplica\u00e7\u00e3o por pulveriza\u00e7\u00e3o, pronto a usar nas ind\u00fastrias de processamento de alimentos e bebidas e no setor leiteiro. \u00datil em desinfe\u00e7\u00f5es na ind\u00fastria alimentar. Industrias alimentares na aus\u00eancia de alimentos (vin\u00edcolas, cervejeiras, setor leiteiro, carnes, etc.).<\/p>\n<p>Embalagem de 5 litros.<\/p>\n","protected":false},"excerpt":{"rendered":"<p>desinfetante de uso geral alcol-25<\/p>\n","protected":false},"featured_media":103736,"comment_status":"closed","ping_status":"closed","template":"","meta":{"neve_meta_sidebar":"","neve_meta_container":"","neve_meta_enable_content_width":"off","neve_meta_content_width":70,"neve_meta_title_alignment":"","neve_meta_author_avatar":"","neve_post_elements_order":"","neve_meta_disable_header":"","neve_meta_disable_footer":"","neve_meta_disable_title":""},"product_brand":[],"product_cat":[1791,1792],"product_tag":[1012,889],"class_list":{"0":"post-103735","1":"product","2":"type-product","3":"status-publish","4":"has-post-thumbnail","6":"product_cat-prevencao","7":"product_cat-produtos-de-limpeza","8":"product_tag-covid","9":"product_tag-desinfectantes","11":"first","12":"outofstock","13":"taxable","14":"shipping-taxable","15":"purchasable","16":"product-type-simple"},"_links":{"self":[{"href":"https:\/\/ifoffice.pt\/index.php?rest_route=\/wp\/v2\/product\/103735","targetHints":{"allow":["GET"]}}],"collection":[{"href":"https:\/\/ifoffice.pt\/index.php?rest_route=\/wp\/v2\/product"}],"about":[{"href":"https:\/\/ifoffice.pt\/index.php?rest_route=\/wp\/v2\/types\/product"}],"replies":[{"embeddable":true,"href":"https:\/\/ifoffice.pt\/index.php?rest_route=%2Fwp%2Fv2%2Fcomments&post=103735"}],"wp:featuredmedia":[{"embeddable":true,"href":"https:\/\/ifoffice.pt\/index.php?rest_route=\/wp\/v2\/media\/103736"}],"wp:attachment":[{"href":"https:\/\/ifoffice.pt\/index.php?rest_route=%2Fwp%2Fv2%2Fmedia&parent=103735"}],"wp:term":[{"taxonomy":"product_brand","embeddable":true,"href":"https:\/\/ifoffice.pt\/index.php?rest_route=%2Fwp%2Fv2%2Fproduct_brand&post=103735"},{"taxonomy":"product_cat","embeddable":true,"href":"https:\/\/ifoffice.pt\/index.php?rest_route=%2Fwp%2Fv2%2Fproduct_cat&post=103735"},{"taxonomy":"product_tag","embeddable":true,"href":"https:\/\/ifoffice.pt\/index.php?rest_route=%2Fwp%2Fv2%2Fproduct_tag&post=103735"}],"curies":[{"name":"wp","href":"https:\/\/api.w.org\/{rel}","templated":true}]}}