{"id":103731,"date":"2021-03-09T10:48:20","date_gmt":"2021-03-09T10:48:20","guid":{"rendered":"https:\/\/ifoffice.pt\/?post_type=product&#038;p=103731"},"modified":"2025-03-12T12:09:15","modified_gmt":"2025-03-12T12:09:15","slug":"gel-hidroalcoolico-aviral","status":"publish","type":"product","link":"https:\/\/ifoffice.pt\/?product=gel-hidroalcoolico-aviral","title":{"rendered":"Gel hidroalco\u00f3lico Aviral 5L"},"content":{"rendered":"<p>L\u00edquido lava m\u00e3os com um elevado teor de \u00e1lcool para obter uma limpeza e higieniza\u00e7\u00e3o r\u00e1pidas, deixando-as com uma agrad\u00e1vel fragr\u00e2ncia. Especialmente indicado para uso por pessoas que est\u00e3o em contacto com alimentos.<\/p>\n<p>Embalagem de 5 litros.<\/p>\n","protected":false},"excerpt":{"rendered":"<p>Gel desinfetante Aviral 5L<\/p>\n","protected":false},"featured_media":103732,"comment_status":"closed","ping_status":"closed","template":"","meta":{"neve_meta_sidebar":"","neve_meta_container":"","neve_meta_enable_content_width":"off","neve_meta_content_width":70,"neve_meta_title_alignment":"","neve_meta_author_avatar":"","neve_post_elements_order":"","neve_meta_disable_header":"","neve_meta_disable_footer":"","neve_meta_disable_title":""},"product_brand":[],"product_cat":[1791,1792],"product_tag":[1012,1016,886],"class_list":{"0":"post-103731","1":"product","2":"type-product","3":"status-publish","4":"has-post-thumbnail","6":"product_cat-prevencao","7":"product_cat-produtos-de-limpeza","8":"product_tag-covid","9":"product_tag-gel","10":"product_tag-higiene-pessoal","12":"first","13":"outofstock","14":"taxable","15":"shipping-taxable","16":"purchasable","17":"product-type-simple"},"_links":{"self":[{"href":"https:\/\/ifoffice.pt\/index.php?rest_route=\/wp\/v2\/product\/103731","targetHints":{"allow":["GET"]}}],"collection":[{"href":"https:\/\/ifoffice.pt\/index.php?rest_route=\/wp\/v2\/product"}],"about":[{"href":"https:\/\/ifoffice.pt\/index.php?rest_route=\/wp\/v2\/types\/product"}],"replies":[{"embeddable":true,"href":"https:\/\/ifoffice.pt\/index.php?rest_route=%2Fwp%2Fv2%2Fcomments&post=103731"}],"wp:featuredmedia":[{"embeddable":true,"href":"https:\/\/ifoffice.pt\/index.php?rest_route=\/wp\/v2\/media\/103732"}],"wp:attachment":[{"href":"https:\/\/ifoffice.pt\/index.php?rest_route=%2Fwp%2Fv2%2Fmedia&parent=103731"}],"wp:term":[{"taxonomy":"product_brand","embeddable":true,"href":"https:\/\/ifoffice.pt\/index.php?rest_route=%2Fwp%2Fv2%2Fproduct_brand&post=103731"},{"taxonomy":"product_cat","embeddable":true,"href":"https:\/\/ifoffice.pt\/index.php?rest_route=%2Fwp%2Fv2%2Fproduct_cat&post=103731"},{"taxonomy":"product_tag","embeddable":true,"href":"https:\/\/ifoffice.pt\/index.php?rest_route=%2Fwp%2Fv2%2Fproduct_tag&post=103731"}],"curies":[{"name":"wp","href":"https:\/\/api.w.org\/{rel}","templated":true}]}}