{"id":103608,"date":"2021-03-04T10:19:26","date_gmt":"2021-03-04T10:19:26","guid":{"rendered":"https:\/\/ifoffice.pt\/?post_type=product&#038;p=103608"},"modified":"2025-03-12T12:09:12","modified_gmt":"2025-03-12T12:09:12","slug":"gel-hidroalcoolico-sucitesa-dermogenol-100ml","status":"publish","type":"product","link":"https:\/\/ifoffice.pt\/?product=gel-hidroalcoolico-sucitesa-dermogenol-100ml","title":{"rendered":"Gel hidroalco\u00f3lico Sucitesa Dermogenol 100ml"},"content":{"rendered":"<p>Garante uma limpeza eficaz e uma HIGIENE TOTAL. Mant\u00e9m a carga microbiana das m\u00e3os num n\u00edvel seguro. Sem enxaguamento. Secagem r\u00e1pida. Apto para situa\u00e7\u00f5es que necessitam de a\u00e7\u00f5es preventivas. A higiene das m\u00e3os \u00e9 uma medida profil\u00e1tica altamente eficaz.<\/p>\n<p>Embalagem de 100ml<\/p>\n","protected":false},"excerpt":{"rendered":"<p>Gel desinfetante sucitesa dermogenol 100ml para m\u00e3os<\/p>\n","protected":false},"featured_media":103610,"comment_status":"closed","ping_status":"closed","template":"","meta":{"neve_meta_sidebar":"","neve_meta_container":"","neve_meta_enable_content_width":"off","neve_meta_content_width":0,"neve_meta_title_alignment":"","neve_meta_author_avatar":"","neve_post_elements_order":"","neve_meta_disable_header":"","neve_meta_disable_footer":"","neve_meta_disable_title":""},"product_brand":[],"product_cat":[1791],"product_tag":[1012,1016],"class_list":{"0":"post-103608","1":"product","2":"type-product","3":"status-publish","4":"has-post-thumbnail","6":"product_cat-prevencao","7":"product_tag-covid","8":"product_tag-gel","10":"first","11":"outofstock","12":"featured","13":"taxable","14":"shipping-taxable","15":"purchasable","16":"product-type-simple"},"_links":{"self":[{"href":"https:\/\/ifoffice.pt\/index.php?rest_route=\/wp\/v2\/product\/103608","targetHints":{"allow":["GET"]}}],"collection":[{"href":"https:\/\/ifoffice.pt\/index.php?rest_route=\/wp\/v2\/product"}],"about":[{"href":"https:\/\/ifoffice.pt\/index.php?rest_route=\/wp\/v2\/types\/product"}],"replies":[{"embeddable":true,"href":"https:\/\/ifoffice.pt\/index.php?rest_route=%2Fwp%2Fv2%2Fcomments&post=103608"}],"wp:featuredmedia":[{"embeddable":true,"href":"https:\/\/ifoffice.pt\/index.php?rest_route=\/wp\/v2\/media\/103610"}],"wp:attachment":[{"href":"https:\/\/ifoffice.pt\/index.php?rest_route=%2Fwp%2Fv2%2Fmedia&parent=103608"}],"wp:term":[{"taxonomy":"product_brand","embeddable":true,"href":"https:\/\/ifoffice.pt\/index.php?rest_route=%2Fwp%2Fv2%2Fproduct_brand&post=103608"},{"taxonomy":"product_cat","embeddable":true,"href":"https:\/\/ifoffice.pt\/index.php?rest_route=%2Fwp%2Fv2%2Fproduct_cat&post=103608"},{"taxonomy":"product_tag","embeddable":true,"href":"https:\/\/ifoffice.pt\/index.php?rest_route=%2Fwp%2Fv2%2Fproduct_tag&post=103608"}],"curies":[{"name":"wp","href":"https:\/\/api.w.org\/{rel}","templated":true}]}}