{"id":103489,"date":"2021-02-26T10:18:28","date_gmt":"2021-02-26T10:18:28","guid":{"rendered":"https:\/\/ifoffice.pt\/?post_type=product&#038;p=103489"},"modified":"2026-02-23T13:03:12","modified_gmt":"2026-02-23T13:03:12","slug":"destruidora-de-documentos-rexel-optimum-auto-225x-eu","status":"publish","type":"product","link":"https:\/\/ifoffice.pt\/?product=destruidora-de-documentos-rexel-optimum-auto-225x-eu","title":{"rendered":"Destruidora de documentos rexel optimum autofeed+ 225x eu capacidadee de corte 225 folhas destroi agrafes e clips 60 lit"},"content":{"rendered":"<p>Destruidora de corte em part\u00edculas. Destr\u00f3i automaticamente at\u00e9 225 folhas de papel A4 (80 g\/m\u00b2) ao mesmo tempo, n\u00edvel de seguran\u00e7a P-4. Alimenta\u00e7\u00e3o autom\u00e1tica, com um cesto amov\u00edvel de 60 litros. N\u00e3o \u00e9 necess\u00e1rio alimentar manualmente o papel. Destr\u00f3i agrafes e clips. A destruidora.<\/p>\n","protected":false},"excerpt":{"rendered":"<p>Destruidora de documentos rexel optimum autofeed+ 225x eu capacidadee de corte 225 folhas destroi agrafes e clips 60 lit<\/p>\n","protected":false},"featured_media":133083,"comment_status":"closed","ping_status":"closed","template":"","meta":{"neve_meta_sidebar":"","neve_meta_container":"","neve_meta_enable_content_width":"off","neve_meta_content_width":0,"neve_meta_title_alignment":"","neve_meta_author_avatar":"","neve_post_elements_order":"","neve_meta_disable_header":"","neve_meta_disable_footer":"","neve_meta_disable_title":""},"product_brand":[],"product_cat":[1829],"product_tag":[1069],"class_list":{"0":"post-103489","1":"product","2":"type-product","3":"status-publish","4":"has-post-thumbnail","6":"product_cat-destruidoras","7":"product_tag-destruidora","9":"first","10":"outofstock","11":"taxable","12":"shipping-taxable","13":"purchasable","14":"product-type-simple"},"_links":{"self":[{"href":"https:\/\/ifoffice.pt\/index.php?rest_route=\/wp\/v2\/product\/103489","targetHints":{"allow":["GET"]}}],"collection":[{"href":"https:\/\/ifoffice.pt\/index.php?rest_route=\/wp\/v2\/product"}],"about":[{"href":"https:\/\/ifoffice.pt\/index.php?rest_route=\/wp\/v2\/types\/product"}],"replies":[{"embeddable":true,"href":"https:\/\/ifoffice.pt\/index.php?rest_route=%2Fwp%2Fv2%2Fcomments&post=103489"}],"wp:featuredmedia":[{"embeddable":true,"href":"https:\/\/ifoffice.pt\/index.php?rest_route=\/wp\/v2\/media\/133083"}],"wp:attachment":[{"href":"https:\/\/ifoffice.pt\/index.php?rest_route=%2Fwp%2Fv2%2Fmedia&parent=103489"}],"wp:term":[{"taxonomy":"product_brand","embeddable":true,"href":"https:\/\/ifoffice.pt\/index.php?rest_route=%2Fwp%2Fv2%2Fproduct_brand&post=103489"},{"taxonomy":"product_cat","embeddable":true,"href":"https:\/\/ifoffice.pt\/index.php?rest_route=%2Fwp%2Fv2%2Fproduct_cat&post=103489"},{"taxonomy":"product_tag","embeddable":true,"href":"https:\/\/ifoffice.pt\/index.php?rest_route=%2Fwp%2Fv2%2Fproduct_tag&post=103489"}],"curies":[{"name":"wp","href":"https:\/\/api.w.org\/{rel}","templated":true}]}}