{"id":103456,"date":"2021-02-25T12:31:21","date_gmt":"2021-02-25T12:31:21","guid":{"rendered":"https:\/\/ifoffice.pt\/?post_type=product&#038;p=103456"},"modified":"2026-02-23T13:03:16","modified_gmt":"2026-02-23T13:03:16","slug":"centro-de-encadernacao-multifuncoes-lyra-3-em-1-fellowes","status":"publish","type":"product","link":"https:\/\/ifoffice.pt\/?product=centro-de-encadernacao-multifuncoes-lyra-3-em-1-fellowes","title":{"rendered":"Encadernadora para espiral fellowes lyra 3 em 1 perfura ate 20h a4 encaderna 300f agrafa 30f furador 2 e 4 puncoes"},"content":{"rendered":"<p>Centro de encaderna\u00e7\u00e3o multifun\u00e7\u00f5es que lhe permite encadernar, agrafar e perfurar documentos com 2 e 4 furos, tudo na mesma m\u00e1quina. Encaderna\u00e7\u00e3o em espiral de pl\u00e1stico, perfura manualmente at\u00e9 20 folhas e encaderna at\u00e9 300 folhas com espiral de 38 mm. Agrafa at\u00e9 30 folhas com o m\u00ednimo esfor\u00e7o gra\u00e7as ao sistema EasyPress com agrafos de tamanho 24\/6-26\/6. Perfura at\u00e9 30 folhas de papel de 2 e 4 furos para arquivar em pastas e an\u00e9is de encaderna\u00e7\u00e3o. Medidas: 423 x 153 x 395 mm. Peso: 6,9 kg. A encadernadora.<\/p>\n","protected":false},"excerpt":{"rendered":"<p>Encadernadora para espiral fellowes lyra 3 em 1 perfura ate 20h a4 encaderna 300f agrafa 30f furador 2 e 4 puncoes<\/p>\n","protected":false},"featured_media":115769,"comment_status":"closed","ping_status":"closed","template":"","meta":{"neve_meta_sidebar":"","neve_meta_container":"","neve_meta_enable_content_width":"off","neve_meta_content_width":0,"neve_meta_title_alignment":"","neve_meta_author_avatar":"","neve_post_elements_order":"","neve_meta_disable_header":"","neve_meta_disable_footer":"","neve_meta_disable_title":""},"product_brand":[],"product_cat":[1852],"product_tag":[2177],"class_list":{"0":"post-103456","1":"product","2":"type-product","3":"status-publish","4":"has-post-thumbnail","6":"product_cat-encadernadoras","7":"product_tag-multifuncao","9":"first","10":"instock","11":"taxable","12":"shipping-taxable","13":"purchasable","14":"product-type-simple"},"_links":{"self":[{"href":"https:\/\/ifoffice.pt\/index.php?rest_route=\/wp\/v2\/product\/103456","targetHints":{"allow":["GET"]}}],"collection":[{"href":"https:\/\/ifoffice.pt\/index.php?rest_route=\/wp\/v2\/product"}],"about":[{"href":"https:\/\/ifoffice.pt\/index.php?rest_route=\/wp\/v2\/types\/product"}],"replies":[{"embeddable":true,"href":"https:\/\/ifoffice.pt\/index.php?rest_route=%2Fwp%2Fv2%2Fcomments&post=103456"}],"wp:featuredmedia":[{"embeddable":true,"href":"https:\/\/ifoffice.pt\/index.php?rest_route=\/wp\/v2\/media\/115769"}],"wp:attachment":[{"href":"https:\/\/ifoffice.pt\/index.php?rest_route=%2Fwp%2Fv2%2Fmedia&parent=103456"}],"wp:term":[{"taxonomy":"product_brand","embeddable":true,"href":"https:\/\/ifoffice.pt\/index.php?rest_route=%2Fwp%2Fv2%2Fproduct_brand&post=103456"},{"taxonomy":"product_cat","embeddable":true,"href":"https:\/\/ifoffice.pt\/index.php?rest_route=%2Fwp%2Fv2%2Fproduct_cat&post=103456"},{"taxonomy":"product_tag","embeddable":true,"href":"https:\/\/ifoffice.pt\/index.php?rest_route=%2Fwp%2Fv2%2Fproduct_tag&post=103456"}],"curies":[{"name":"wp","href":"https:\/\/api.w.org\/{rel}","templated":true}]}}