{"id":103403,"date":"2021-02-23T11:51:19","date_gmt":"2021-02-23T11:51:19","guid":{"rendered":"https:\/\/ifoffice.pt\/?post_type=product&#038;p=103403"},"modified":"2025-03-12T12:09:09","modified_gmt":"2025-03-12T12:09:09","slug":"recipiente-de-cartao-kraft-2880ml-pack-de-25-unidades","status":"publish","type":"product","link":"https:\/\/ifoffice.pt\/?product=recipiente-de-cartao-kraft-2880ml-pack-de-25-unidades","title":{"rendered":"Recipiente de cart\u00e3o Kraft 2880ml. Pack de 25 unidades"},"content":{"rendered":"<p>Recipiente de cart\u00e3o recicl\u00e1vel para take-away.<\/p>\n<ul class=\"bullet\">\n<li>Capacidade &#8211; 2880 ml<\/li>\n<li><i class=\"icon-angle-right\"><\/i>\u00a0Material &#8211;\u00a0kraft paper<\/li>\n<li><i class=\"icon-angle-right\"><\/i>\u00a0Biodegrad\u00e1vel &#8211; N\u00e3o<\/li>\n<li><i class=\"icon-angle-right\"><\/i>\u00a0Recicl\u00e1vel- Sim<i class=\"icon-angle-right\"><\/i><\/li>\n<li><i class=\"icon-angle-right\"><\/i>\u00a0Resistente ao forno &#8211; N\u00e3o<\/li>\n<li><i class=\"icon-angle-right\"><\/i>\u00a0Resistente ao Micro-ondas &#8211; Sim<\/li>\n<\/ul>\n","protected":false},"excerpt":{"rendered":"<p>Recipiente de cart\u00e3o biodegrad\u00e1vel ideal para take-away 2880ml.<\/p>\n","protected":false},"featured_media":103630,"comment_status":"closed","ping_status":"closed","template":"","meta":{"neve_meta_sidebar":"","neve_meta_container":"","neve_meta_enable_content_width":"off","neve_meta_content_width":0,"neve_meta_title_alignment":"","neve_meta_author_avatar":"","neve_post_elements_order":"","neve_meta_disable_header":"","neve_meta_disable_footer":"","neve_meta_disable_title":""},"product_brand":[],"product_cat":[2655],"product_tag":[2653,2647,2652],"class_list":{"0":"post-103403","1":"product","2":"type-product","3":"status-publish","4":"has-post-thumbnail","6":"product_cat-tacas","7":"product_tag-biodegradavel","8":"product_tag-descartaveis","9":"product_tag-take-away","11":"first","12":"outofstock","13":"taxable","14":"shipping-taxable","15":"purchasable","16":"product-type-simple"},"_links":{"self":[{"href":"https:\/\/ifoffice.pt\/index.php?rest_route=\/wp\/v2\/product\/103403","targetHints":{"allow":["GET"]}}],"collection":[{"href":"https:\/\/ifoffice.pt\/index.php?rest_route=\/wp\/v2\/product"}],"about":[{"href":"https:\/\/ifoffice.pt\/index.php?rest_route=\/wp\/v2\/types\/product"}],"replies":[{"embeddable":true,"href":"https:\/\/ifoffice.pt\/index.php?rest_route=%2Fwp%2Fv2%2Fcomments&post=103403"}],"wp:featuredmedia":[{"embeddable":true,"href":"https:\/\/ifoffice.pt\/index.php?rest_route=\/wp\/v2\/media\/103630"}],"wp:attachment":[{"href":"https:\/\/ifoffice.pt\/index.php?rest_route=%2Fwp%2Fv2%2Fmedia&parent=103403"}],"wp:term":[{"taxonomy":"product_brand","embeddable":true,"href":"https:\/\/ifoffice.pt\/index.php?rest_route=%2Fwp%2Fv2%2Fproduct_brand&post=103403"},{"taxonomy":"product_cat","embeddable":true,"href":"https:\/\/ifoffice.pt\/index.php?rest_route=%2Fwp%2Fv2%2Fproduct_cat&post=103403"},{"taxonomy":"product_tag","embeddable":true,"href":"https:\/\/ifoffice.pt\/index.php?rest_route=%2Fwp%2Fv2%2Fproduct_tag&post=103403"}],"curies":[{"name":"wp","href":"https:\/\/api.w.org\/{rel}","templated":true}]}}