{"id":103348,"date":"2021-02-22T14:50:46","date_gmt":"2021-02-22T14:50:46","guid":{"rendered":"https:\/\/ifoffice.pt\/?post_type=product&#038;p=103348"},"modified":"2025-03-12T12:09:03","modified_gmt":"2025-03-12T12:09:03","slug":"faca-de-milho-180mm-pack-de-50-unidades","status":"publish","type":"product","link":"https:\/\/ifoffice.pt\/?product=faca-de-milho-180mm-pack-de-50-unidades","title":{"rendered":"Faca de Milho 180mm &#8211; Pack de 50 unidades"},"content":{"rendered":"<p>Talheres biodegrad\u00e1veis \u200b\u200be compost\u00e1veis, feitos a partir de recursos renov\u00e1veis.<\/p>\n<p>Depois de utilizados o tempo de decomposi\u00e7\u00e3o \u00e9 de 45 a 60 dias.<\/p>\n<p>Tamanho: 180mm<br \/>\nResistente a temperaturas entre -18\u00ba \/ +100\u00ba.<\/p>\n","protected":false},"excerpt":{"rendered":"<p>Faca de milho 180mm biodegradavel reciclavel bolsa maiz<\/p>\n","protected":false},"featured_media":103349,"comment_status":"closed","ping_status":"closed","template":"","meta":{"neve_meta_sidebar":"","neve_meta_container":"","neve_meta_enable_content_width":"off","neve_meta_content_width":100,"neve_meta_title_alignment":"","neve_meta_author_avatar":"","neve_post_elements_order":"","neve_meta_disable_header":"","neve_meta_disable_footer":"","neve_meta_disable_title":""},"product_brand":[],"product_cat":[1814],"product_tag":[2653,2647,1485],"class_list":{"0":"post-103348","1":"product","2":"type-product","3":"status-publish","4":"has-post-thumbnail","6":"product_cat-talheres-pratos-e-copos","7":"product_tag-biodegradavel","8":"product_tag-descartaveis","9":"product_tag-talheres","11":"first","12":"outofstock","13":"taxable","14":"shipping-taxable","15":"purchasable","16":"product-type-simple"},"_links":{"self":[{"href":"https:\/\/ifoffice.pt\/index.php?rest_route=\/wp\/v2\/product\/103348","targetHints":{"allow":["GET"]}}],"collection":[{"href":"https:\/\/ifoffice.pt\/index.php?rest_route=\/wp\/v2\/product"}],"about":[{"href":"https:\/\/ifoffice.pt\/index.php?rest_route=\/wp\/v2\/types\/product"}],"replies":[{"embeddable":true,"href":"https:\/\/ifoffice.pt\/index.php?rest_route=%2Fwp%2Fv2%2Fcomments&post=103348"}],"wp:featuredmedia":[{"embeddable":true,"href":"https:\/\/ifoffice.pt\/index.php?rest_route=\/wp\/v2\/media\/103349"}],"wp:attachment":[{"href":"https:\/\/ifoffice.pt\/index.php?rest_route=%2Fwp%2Fv2%2Fmedia&parent=103348"}],"wp:term":[{"taxonomy":"product_brand","embeddable":true,"href":"https:\/\/ifoffice.pt\/index.php?rest_route=%2Fwp%2Fv2%2Fproduct_brand&post=103348"},{"taxonomy":"product_cat","embeddable":true,"href":"https:\/\/ifoffice.pt\/index.php?rest_route=%2Fwp%2Fv2%2Fproduct_cat&post=103348"},{"taxonomy":"product_tag","embeddable":true,"href":"https:\/\/ifoffice.pt\/index.php?rest_route=%2Fwp%2Fv2%2Fproduct_tag&post=103348"}],"curies":[{"name":"wp","href":"https:\/\/api.w.org\/{rel}","templated":true}]}}