{"id":102993,"date":"2021-02-11T18:02:22","date_gmt":"2021-02-11T18:02:22","guid":{"rendered":"https:\/\/ifoffice.pt\/?post_type=product&#038;p=102993"},"modified":"2025-03-12T12:08:57","modified_gmt":"2025-03-12T12:08:57","slug":"quadro-branco-nobo-ip-pro-aco-vitrificado-magnetico-2400x1200-mm","status":"publish","type":"product","link":"https:\/\/ifoffice.pt\/?product=quadro-branco-nobo-ip-pro-aco-vitrificado-magnetico-2400x1200-mm","title":{"rendered":"Quadro branco nobo ip pro aco vitrificado magnetico 2400&#215;1200 mm."},"content":{"rendered":"<p>Quadro magn\u00e9tico de a\u00e7o vitrificado em formato panor\u00e2mico, com uma moldura moderna, fina e elegante, oferece uma superf\u00edcie para uma escrita mais f\u00e1cil. O sistema invisamount facilita a instala\u00e7\u00e3o com fixadores ocultos atr\u00e1s do quadro e inclui um elegante tabuleiro para guardar canetas e apagadores. A superf\u00edcie esmaltada do quadro magn\u00e9tico apaga com maior facilidade e permite uma maior durabilidade, para uso frequente.<\/p>\n","protected":false},"excerpt":{"rendered":"<p>Quadro branco nobo ip pro aco vitrificado magnetico 2400&#215;1200 mm.<\/p>\n","protected":false},"featured_media":102994,"comment_status":"closed","ping_status":"closed","template":"","meta":{"neve_meta_sidebar":"","neve_meta_container":"","neve_meta_enable_content_width":"off","neve_meta_content_width":0,"neve_meta_title_alignment":"","neve_meta_author_avatar":"","neve_post_elements_order":"","neve_meta_disable_header":"","neve_meta_disable_footer":"","neve_meta_disable_title":""},"product_brand":[],"product_cat":[1863],"product_tag":[1219],"class_list":{"0":"post-102993","1":"product","2":"type-product","3":"status-publish","4":"has-post-thumbnail","6":"product_cat-quadros-brancos","7":"product_tag-branca","9":"first","10":"outofstock","11":"taxable","12":"shipping-taxable","13":"purchasable","14":"product-type-simple"},"_links":{"self":[{"href":"https:\/\/ifoffice.pt\/index.php?rest_route=\/wp\/v2\/product\/102993","targetHints":{"allow":["GET"]}}],"collection":[{"href":"https:\/\/ifoffice.pt\/index.php?rest_route=\/wp\/v2\/product"}],"about":[{"href":"https:\/\/ifoffice.pt\/index.php?rest_route=\/wp\/v2\/types\/product"}],"replies":[{"embeddable":true,"href":"https:\/\/ifoffice.pt\/index.php?rest_route=%2Fwp%2Fv2%2Fcomments&post=102993"}],"wp:featuredmedia":[{"embeddable":true,"href":"https:\/\/ifoffice.pt\/index.php?rest_route=\/wp\/v2\/media\/102994"}],"wp:attachment":[{"href":"https:\/\/ifoffice.pt\/index.php?rest_route=%2Fwp%2Fv2%2Fmedia&parent=102993"}],"wp:term":[{"taxonomy":"product_brand","embeddable":true,"href":"https:\/\/ifoffice.pt\/index.php?rest_route=%2Fwp%2Fv2%2Fproduct_brand&post=102993"},{"taxonomy":"product_cat","embeddable":true,"href":"https:\/\/ifoffice.pt\/index.php?rest_route=%2Fwp%2Fv2%2Fproduct_cat&post=102993"},{"taxonomy":"product_tag","embeddable":true,"href":"https:\/\/ifoffice.pt\/index.php?rest_route=%2Fwp%2Fv2%2Fproduct_tag&post=102993"}],"curies":[{"name":"wp","href":"https:\/\/api.w.org\/{rel}","templated":true}]}}