{"id":102475,"date":"2021-01-30T12:04:02","date_gmt":"2021-01-30T12:04:02","guid":{"rendered":"https:\/\/ifoffice.pt\/?post_type=product&#038;p=102475"},"modified":"2025-03-12T12:08:51","modified_gmt":"2025-03-12T12:08:51","slug":"mascara-descartavel-kn95-c-valvula","status":"publish","type":"product","link":"https:\/\/ifoffice.pt\/?product=mascara-descartavel-kn95-c-valvula","title":{"rendered":"M\u00e1scara Descart\u00e1vel KN95 C\/ V\u00e1lvula"},"content":{"rendered":"<p>M\u00e1scara Descart\u00e1vel KN95 C\/ V\u00e1lvula<\/p>\n","protected":false},"excerpt":{"rendered":"<p>M\u00e1scara Descart\u00e1vel KN95 C\/ V\u00e1lvula<\/p>\n","protected":false},"featured_media":102477,"comment_status":"closed","ping_status":"closed","template":"","meta":{"neve_meta_sidebar":"","neve_meta_container":"","neve_meta_enable_content_width":"off","neve_meta_content_width":0,"neve_meta_title_alignment":"","neve_meta_author_avatar":"","neve_post_elements_order":"","neve_meta_disable_header":"","neve_meta_disable_footer":"","neve_meta_disable_title":""},"product_brand":[],"product_cat":[1791],"product_tag":[1012],"class_list":{"0":"post-102475","1":"product","2":"type-product","3":"status-publish","4":"has-post-thumbnail","6":"product_cat-prevencao","7":"product_tag-covid","9":"first","10":"outofstock","11":"taxable","12":"shipping-taxable","13":"purchasable","14":"product-type-simple"},"_links":{"self":[{"href":"https:\/\/ifoffice.pt\/index.php?rest_route=\/wp\/v2\/product\/102475","targetHints":{"allow":["GET"]}}],"collection":[{"href":"https:\/\/ifoffice.pt\/index.php?rest_route=\/wp\/v2\/product"}],"about":[{"href":"https:\/\/ifoffice.pt\/index.php?rest_route=\/wp\/v2\/types\/product"}],"replies":[{"embeddable":true,"href":"https:\/\/ifoffice.pt\/index.php?rest_route=%2Fwp%2Fv2%2Fcomments&post=102475"}],"wp:featuredmedia":[{"embeddable":true,"href":"https:\/\/ifoffice.pt\/index.php?rest_route=\/wp\/v2\/media\/102477"}],"wp:attachment":[{"href":"https:\/\/ifoffice.pt\/index.php?rest_route=%2Fwp%2Fv2%2Fmedia&parent=102475"}],"wp:term":[{"taxonomy":"product_brand","embeddable":true,"href":"https:\/\/ifoffice.pt\/index.php?rest_route=%2Fwp%2Fv2%2Fproduct_brand&post=102475"},{"taxonomy":"product_cat","embeddable":true,"href":"https:\/\/ifoffice.pt\/index.php?rest_route=%2Fwp%2Fv2%2Fproduct_cat&post=102475"},{"taxonomy":"product_tag","embeddable":true,"href":"https:\/\/ifoffice.pt\/index.php?rest_route=%2Fwp%2Fv2%2Fproduct_tag&post=102475"}],"curies":[{"name":"wp","href":"https:\/\/api.w.org\/{rel}","templated":true}]}}