{"id":100482,"date":"2021-01-22T23:53:40","date_gmt":"2021-01-22T23:53:40","guid":{"rendered":"https:\/\/ifoffice.pt\/produto\/import-placeholder-for-7992\/"},"modified":"2025-03-12T15:47:01","modified_gmt":"2025-03-12T15:47:01","slug":"tesoura-para-escritorio-em-aco-inoxidavel-8-205-mm","status":"publish","type":"product","link":"https:\/\/ifoffice.pt\/?product=tesoura-para-escritorio-em-aco-inoxidavel-8-205-mm","title":{"rendered":"Tesoura para escritorio, em aco inoxidavel 8&#8221; (205 mm)"},"content":{"rendered":"<p>A\u00e7o inoxid\u00e1vel. Niquelada. Em bolsa de pl\u00e1stico. Diferentes tamanhos. Apto para uso dom\u00e9stico e de escrit\u00f3rio. A tesoura.<\/p>\n","protected":false},"excerpt":{"rendered":"<p>Tesoura para escritorio, em aco inoxidavel 8&#8221; (205 mm)<\/p>\n","protected":false},"featured_media":126707,"comment_status":"closed","ping_status":"closed","template":"","meta":{"neve_meta_sidebar":"","neve_meta_container":"","neve_meta_enable_content_width":"","neve_meta_content_width":0,"neve_meta_title_alignment":"","neve_meta_author_avatar":"","neve_post_elements_order":"","neve_meta_disable_header":"","neve_meta_disable_footer":"","neve_meta_disable_title":""},"product_brand":[],"product_cat":[1777],"product_tag":[1039],"class_list":{"0":"post-100482","1":"product","2":"type-product","3":"status-publish","4":"has-post-thumbnail","6":"product_cat-tesouras","7":"product_tag-escritorio","9":"first","10":"instock","11":"taxable","12":"shipping-taxable","13":"purchasable","14":"product-type-simple"},"_links":{"self":[{"href":"https:\/\/ifoffice.pt\/index.php?rest_route=\/wp\/v2\/product\/100482","targetHints":{"allow":["GET"]}}],"collection":[{"href":"https:\/\/ifoffice.pt\/index.php?rest_route=\/wp\/v2\/product"}],"about":[{"href":"https:\/\/ifoffice.pt\/index.php?rest_route=\/wp\/v2\/types\/product"}],"replies":[{"embeddable":true,"href":"https:\/\/ifoffice.pt\/index.php?rest_route=%2Fwp%2Fv2%2Fcomments&post=100482"}],"wp:featuredmedia":[{"embeddable":true,"href":"https:\/\/ifoffice.pt\/index.php?rest_route=\/wp\/v2\/media\/126707"}],"wp:attachment":[{"href":"https:\/\/ifoffice.pt\/index.php?rest_route=%2Fwp%2Fv2%2Fmedia&parent=100482"}],"wp:term":[{"taxonomy":"product_brand","embeddable":true,"href":"https:\/\/ifoffice.pt\/index.php?rest_route=%2Fwp%2Fv2%2Fproduct_brand&post=100482"},{"taxonomy":"product_cat","embeddable":true,"href":"https:\/\/ifoffice.pt\/index.php?rest_route=%2Fwp%2Fv2%2Fproduct_cat&post=100482"},{"taxonomy":"product_tag","embeddable":true,"href":"https:\/\/ifoffice.pt\/index.php?rest_route=%2Fwp%2Fv2%2Fproduct_tag&post=100482"}],"curies":[{"name":"wp","href":"https:\/\/api.w.org\/{rel}","templated":true}]}}