{"id":100408,"date":"2021-01-22T23:52:52","date_gmt":"2021-01-22T23:52:52","guid":{"rendered":"https:\/\/ifoffice.pt\/produto\/import-placeholder-for-8555\/"},"modified":"2026-02-23T13:37:08","modified_gmt":"2026-02-23T13:37:08","slug":"tinta-latex-la-pajarita-35-ml-ouro-rico","status":"publish","type":"product","link":"https:\/\/ifoffice.pt\/?product=tinta-latex-la-pajarita-35-ml-ouro-rico","title":{"rendered":"Tinta latex la pajarita, 35 ml &#8211; ouro rico"},"content":{"rendered":"<p>Pintura pl\u00e1stica com pigmentos que conferem um especial reflexo met\u00e1lico. Aplica-se diretamente sobre madeira, papel, pedra, estuque, azulejo, cimento,  etc. Para limpar a roupa e utens\u00edlios basta enxaguar. Cont\u00e9m: 35 ml.<\/p>\n","protected":false},"excerpt":{"rendered":"<p>Tinta latex la pajarita, 35 ml &#8211; ouro rico<\/p>\n","protected":false},"featured_media":126679,"comment_status":"closed","ping_status":"closed","template":"","meta":{"neve_meta_sidebar":"","neve_meta_container":"","neve_meta_enable_content_width":"off","neve_meta_content_width":0,"neve_meta_title_alignment":"","neve_meta_author_avatar":"","neve_post_elements_order":"","neve_meta_disable_header":"","neve_meta_disable_footer":"","neve_meta_disable_title":""},"product_brand":[],"product_cat":[1910],"product_tag":[2592],"class_list":{"0":"post-100408","1":"product","2":"type-product","3":"status-publish","4":"has-post-thumbnail","6":"product_cat-pinturas","7":"product_tag-la-pajarita","9":"first","10":"instock","11":"taxable","12":"shipping-taxable","13":"purchasable","14":"product-type-simple"},"_links":{"self":[{"href":"https:\/\/ifoffice.pt\/index.php?rest_route=\/wp\/v2\/product\/100408","targetHints":{"allow":["GET"]}}],"collection":[{"href":"https:\/\/ifoffice.pt\/index.php?rest_route=\/wp\/v2\/product"}],"about":[{"href":"https:\/\/ifoffice.pt\/index.php?rest_route=\/wp\/v2\/types\/product"}],"replies":[{"embeddable":true,"href":"https:\/\/ifoffice.pt\/index.php?rest_route=%2Fwp%2Fv2%2Fcomments&post=100408"}],"wp:featuredmedia":[{"embeddable":true,"href":"https:\/\/ifoffice.pt\/index.php?rest_route=\/wp\/v2\/media\/126679"}],"wp:attachment":[{"href":"https:\/\/ifoffice.pt\/index.php?rest_route=%2Fwp%2Fv2%2Fmedia&parent=100408"}],"wp:term":[{"taxonomy":"product_brand","embeddable":true,"href":"https:\/\/ifoffice.pt\/index.php?rest_route=%2Fwp%2Fv2%2Fproduct_brand&post=100408"},{"taxonomy":"product_cat","embeddable":true,"href":"https:\/\/ifoffice.pt\/index.php?rest_route=%2Fwp%2Fv2%2Fproduct_cat&post=100408"},{"taxonomy":"product_tag","embeddable":true,"href":"https:\/\/ifoffice.pt\/index.php?rest_route=%2Fwp%2Fv2%2Fproduct_tag&post=100408"}],"curies":[{"name":"wp","href":"https:\/\/api.w.org\/{rel}","templated":true}]}}