{"id":100376,"date":"2021-01-22T23:52:27","date_gmt":"2021-01-22T23:52:27","guid":{"rendered":"https:\/\/ifoffice.pt\/produto\/import-placeholder-for-8844\/"},"modified":"2026-04-28T14:27:36","modified_gmt":"2026-04-28T14:27:36","slug":"agrafes-q-connect-galvanizados-caixa1000-n-10","status":"publish","type":"product","link":"https:\/\/ifoffice.pt\/?product=agrafes-q-connect-galvanizados-caixa1000-n-10","title":{"rendered":"Agrafes q-connect galvanizados, caixa1000. &#8211; n. 10"},"content":{"rendered":"<p>Os grampos Q-CONNECT n\u00ba 10 s\u00e3o concebidos para proporcionar uma solu\u00e7\u00e3o eficaz e dur\u00e1vel para as necessidades de agrafagem em ambientes de escrit\u00f3rio, escola e casa. Estes agrafos s\u00e3o adequados para uma variedade de tarefas, desde a encaderna\u00e7\u00e3o de documentos at\u00e9 trabalhos de encaderna\u00e7\u00e3o mais leves.<\/p>\n<ul>\n<li><strong>Material:<\/strong>\u00a0Os grampos s\u00e3o fabricados em metal galvanizado, o que proporciona maior resist\u00eancia \u00e0 oxida\u00e7\u00e3o e garante uma longa durabilidade.<\/li>\n<li><strong>Tamanho:<\/strong>\u00a0Refer\u00eancia: N\u00ba10. Medidas: Estes agrafos t\u00eam um tamanho padr\u00e3o compat\u00edvel com a maioria dos agrafadores que aceitam agrafos n\u00ba 10.<\/li>\n<li><strong>Capacidade:<\/strong>\u00a0Cada agrafo tem a capacidade de encadernar um n\u00famero moderado de folhas de papel, normalmente at\u00e9 10 folhas, dependendo da espessura do papel.<\/li>\n<li><strong>Quantidade:<\/strong>\u00a0O produto acompanha uma caixa com 1000 unidades de agrafos, o que garante um abastecimento adequado para uma utiliza\u00e7\u00e3o prolongada.<\/li>\n<li><strong>Compatibilidade:<\/strong>\u00a0Os agrafos Q-CONNECT n\u00ba 10 s\u00e3o compat\u00edveis com uma vasta gama de agrafadores que aceitam agrafos de tamanho n\u00ba 10, o que os torna uma op\u00e7\u00e3o vers\u00e1til para diferentes dispositivos de agrafagem.<\/li>\n<li><strong>Acabamento:<\/strong>\u00a0O acabamento galvanizado dos grampos n\u00e3o s\u00f3 melhora a resist\u00eancia \u00e0 corros\u00e3o, como tamb\u00e9m garante um agrafamento limpo e seguro, evitando a dispers\u00e3o do papel.<\/li>\n<\/ul>\n<p>Com os agrafos galvanizados Q-CONNECT N\u00ba10, pode ter a certeza que os seus documentos e pap\u00e9is estar\u00e3o seguros e bem organizados, gra\u00e7as \u00e0 elevada qualidade e resist\u00eancia que estes agrafos oferecem.<\/p>\n","protected":false},"excerpt":{"rendered":"<p>PACK DE 50 UNIDADES<\/p>\n","protected":false},"featured_media":126664,"comment_status":"closed","ping_status":"closed","template":"","meta":{"neve_meta_sidebar":"","neve_meta_container":"","neve_meta_enable_content_width":"off","neve_meta_content_width":100,"neve_meta_title_alignment":"","neve_meta_author_avatar":"","neve_post_elements_order":"","neve_meta_disable_header":"","neve_meta_disable_footer":"","neve_meta_disable_title":""},"product_brand":[],"product_cat":[1780],"product_tag":[2705],"class_list":{"0":"post-100376","1":"product","2":"type-product","3":"status-publish","4":"has-post-thumbnail","6":"product_cat-agrafes","7":"product_tag-agrafes","9":"first","10":"instock","11":"taxable","12":"shipping-taxable","13":"purchasable","14":"product-type-simple"},"_links":{"self":[{"href":"https:\/\/ifoffice.pt\/index.php?rest_route=\/wp\/v2\/product\/100376","targetHints":{"allow":["GET"]}}],"collection":[{"href":"https:\/\/ifoffice.pt\/index.php?rest_route=\/wp\/v2\/product"}],"about":[{"href":"https:\/\/ifoffice.pt\/index.php?rest_route=\/wp\/v2\/types\/product"}],"replies":[{"embeddable":true,"href":"https:\/\/ifoffice.pt\/index.php?rest_route=%2Fwp%2Fv2%2Fcomments&post=100376"}],"wp:featuredmedia":[{"embeddable":true,"href":"https:\/\/ifoffice.pt\/index.php?rest_route=\/wp\/v2\/media\/126664"}],"wp:attachment":[{"href":"https:\/\/ifoffice.pt\/index.php?rest_route=%2Fwp%2Fv2%2Fmedia&parent=100376"}],"wp:term":[{"taxonomy":"product_brand","embeddable":true,"href":"https:\/\/ifoffice.pt\/index.php?rest_route=%2Fwp%2Fv2%2Fproduct_brand&post=100376"},{"taxonomy":"product_cat","embeddable":true,"href":"https:\/\/ifoffice.pt\/index.php?rest_route=%2Fwp%2Fv2%2Fproduct_cat&post=100376"},{"taxonomy":"product_tag","embeddable":true,"href":"https:\/\/ifoffice.pt\/index.php?rest_route=%2Fwp%2Fv2%2Fproduct_tag&post=100376"}],"curies":[{"name":"wp","href":"https:\/\/api.w.org\/{rel}","templated":true}]}}