{"id":100036,"date":"2021-01-22T23:49:07","date_gmt":"2021-01-22T23:49:07","guid":{"rendered":"https:\/\/ifoffice.pt\/produto\/import-placeholder-for-10353\/"},"modified":"2025-03-12T12:08:12","modified_gmt":"2025-03-12T12:08:12","slug":"mochila-escolar-antartik-com-bolso-exterior-amarela-270x120x380-cm","status":"publish","type":"product","link":"https:\/\/ifoffice.pt\/?product=mochila-escolar-antartik-com-bolso-exterior-amarela-270x120x380-cm","title":{"rendered":"Mochila para portatil 15,6&#8243; antartik com pega e bolso frontal com fecho cor preto 320x140x430 mm"},"content":{"rendered":"<p>Mochila com 2 al\u00e7as acolchoadas e 2 bolsos exteriores. Pr\u00e1tica e resistente, compartimento principal espa\u00e7oso ideal para transportar o material escolar e artigos pessoais. Disp\u00f5e de 2 bolsos frontais. Parte traseira acolchoada para maior conforto. Al\u00e7as ajust\u00e1veis acolchoadas. Bolso interior para prot\u00e1til de 15,6&#8243;. Medidas 320 x 140 x 430 mm.<\/p>\n","protected":false},"excerpt":{"rendered":"<p>Mochila para portatil 15,6&#8243; antartik com pega e bolso frontal com fecho cor preto 320x140x430 mm<\/p>\n","protected":false},"featured_media":114561,"comment_status":"closed","ping_status":"closed","template":"","meta":{"neve_meta_sidebar":"","neve_meta_container":"","neve_meta_enable_content_width":"off","neve_meta_content_width":70,"neve_meta_title_alignment":"","neve_meta_author_avatar":"","neve_post_elements_order":"","neve_meta_disable_header":"","neve_meta_disable_footer":"","neve_meta_disable_title":""},"product_brand":[],"product_cat":[2186],"product_tag":[2880],"class_list":{"0":"post-100036","1":"product","2":"type-product","3":"status-publish","4":"has-post-thumbnail","6":"product_cat-mochilas-escolares","7":"product_tag-escolar2023","9":"first","10":"outofstock","11":"sale","12":"taxable","13":"shipping-taxable","14":"purchasable","15":"product-type-simple"},"_links":{"self":[{"href":"https:\/\/ifoffice.pt\/index.php?rest_route=\/wp\/v2\/product\/100036","targetHints":{"allow":["GET"]}}],"collection":[{"href":"https:\/\/ifoffice.pt\/index.php?rest_route=\/wp\/v2\/product"}],"about":[{"href":"https:\/\/ifoffice.pt\/index.php?rest_route=\/wp\/v2\/types\/product"}],"replies":[{"embeddable":true,"href":"https:\/\/ifoffice.pt\/index.php?rest_route=%2Fwp%2Fv2%2Fcomments&post=100036"}],"wp:featuredmedia":[{"embeddable":true,"href":"https:\/\/ifoffice.pt\/index.php?rest_route=\/wp\/v2\/media\/114561"}],"wp:attachment":[{"href":"https:\/\/ifoffice.pt\/index.php?rest_route=%2Fwp%2Fv2%2Fmedia&parent=100036"}],"wp:term":[{"taxonomy":"product_brand","embeddable":true,"href":"https:\/\/ifoffice.pt\/index.php?rest_route=%2Fwp%2Fv2%2Fproduct_brand&post=100036"},{"taxonomy":"product_cat","embeddable":true,"href":"https:\/\/ifoffice.pt\/index.php?rest_route=%2Fwp%2Fv2%2Fproduct_cat&post=100036"},{"taxonomy":"product_tag","embeddable":true,"href":"https:\/\/ifoffice.pt\/index.php?rest_route=%2Fwp%2Fv2%2Fproduct_tag&post=100036"}],"curies":[{"name":"wp","href":"https:\/\/api.w.org\/{rel}","templated":true}]}}